{"id":20,"date":"2024-10-12T19:47:00","date_gmt":"2024-10-12T19:47:00","guid":{"rendered":"https:\/\/glaciertoursnorway.com\/?page_id=20"},"modified":"2025-11-28T11:09:42","modified_gmt":"2025-11-28T11:09:42","slug":"home","status":"publish","type":"page","link":"https:\/\/glaciertoursnorway.com\/no\/","title":{"rendered":"Home"},"content":{"rendered":"<div class=\"wp-block-uagb-container uagb-block-6da6bc96 alignfull uagb-is-root-container\"><div class=\"uagb-container-inner-blocks-wrap\">\n<div class=\"wp-block-uagb-info-box uagb-block-14d29bf7 uagb-infobox__content-wrap  uagb-infobox-icon-above-title uagb-infobox-image-valign-top\"><div class=\"uagb-ifb-content\"><div class=\"uagb-ifb-title-wrap\"><h1 class=\"uagb-ifb-title\"><mark style=\"background-color:rgba(0, 0, 0, 0)\" class=\"has-inline-color has-ast-global-color-0-color\">Bli med oss p\u00e5 tur!<\/mark> - Unike opplevelser og minner for livet!<\/h1><\/div><div class=\"uagb-ifb-button-wrapper wp-block-button\"><a href=\"https:\/\/bturl.no\/p4580?source=glaciertoursnorway.com&amp;lang=en\" class=\"uagb-infobox-cta-link wp-block-button__link\" target=\"_blank\" rel=\"noopener noreferrer\" onclick=\"return true;\"><span class=\"uagb-inline-editing\">Bestill tur<\/span><\/a><\/div><\/div><\/div>\n<\/div><\/div>\n\n\n\n<div class=\"wp-block-uagb-container uagb-block-hbhrvaed alignfull uagb-is-root-container\"><div class=\"uagb-container-inner-blocks-wrap\">\n<div class=\"wp-block-uagb-info-box uagb-block-grg9x5yd uagb-infobox__content-wrap  uagb-infobox-icon-above-title uagb-infobox-image-valign-top\"><div class=\"uagb-ifb-content\"><div class=\"uagb-ifb-title-wrap\"><h2 class=\"uagb-ifb-title\"><mark style=\"background-color:rgba(0, 0, 0, 0)\" class=\"has-inline-color has-ast-global-color-0-color\">J\u00f8klagutane er et aktivitetsfirma<\/mark> med base p\u00e5 Finse - 1222 MOH.<\/h2><\/div><\/div><\/div>\n\n\n\n<div class=\"wp-block-uagb-info-box uagb-block-bubhpi0l uagb-infobox__content-wrap  uagb-infobox-icon-above-title uagb-infobox-image-valign-top wp-block-uagb-info-box--has-margin\"><div class=\"uagb-infobox-margin-wrapper\"><div class=\"uagb-ifb-content\"><div class=\"uagb-ifb-title-wrap\"><h3 class=\"uagb-ifb-title-prefix\">Unike naturopplevelser er v\u00e5r spesialitet!<\/h3><\/div><p class=\"uagb-ifb-desc\">Reisen din vil bli tilpasset til et fantastisk naturomr\u00e5de, slik at du f\u00e5r en best mulig opplevelse. Ta med venner, familie, grupper eller kolleger og opplev norsk natur p\u00e5 sitt beste! Alle v\u00e5re guider er lokalkjent og kan vise deg de absolutt beste stedene p\u00e5 Finse.<\/p><\/div><\/div><\/div>\n<\/div><\/div>\n\n\n\n<div class=\"wp-block-uagb-container uagb-layout-grid uagb-block-h9k3nff6 alignfull uagb-is-root-container\"><div class=\"uagb-container-inner-blocks-wrap\">\n<div class=\"wp-block-uagb-container uagb-block-ejmbsbhh\">\n<div class=\"wp-block-uagb-info-box uagb-block-evsiwubz uagb-infobox__content-wrap  uagb-infobox-icon-above-title uagb-infobox-image-valign-top\"><div class=\"uagb-ifb-content\"><div class=\"uagb-ifb-title-wrap\"><h1 class=\"uagb-ifb-title\">Opplev norsk natur p\u00e5 sitt beste<\/h1><\/div><p class=\"uagb-ifb-desc\">Med kontorer i en gammel togstasjon med direkte forbindelse til Bergensbanen og Hardangervidda har J\u00f8glagutane muligheten til \u00e5 vise deg dette unike omr\u00e5det \u2013 b\u00e5de sommer og vinter, enten det er med venner, familie eller din bedrift.<br><br><em>\u2013 Reisen din tilpasses til et fantastisk naturomr\u00e5de, slik at du f\u00e5r en best mulig opplevelse.<\/em><\/p><\/div><\/div>\n<\/div>\n\n\n\n<div class=\"wp-block-uagb-container uag-hide-mob uagb-layout-grid uagb-block-io8fmxkc\">\n<div class=\"wp-block-uagb-image uagb-block-268636e3 wp-block-uagb-image--layout-default wp-block-uagb-image--effect-static wp-block-uagb-image--align-none\"><figure class=\"wp-block-uagb-image__figure\"><img decoding=\"async\" srcset=\"https:\/\/glaciertoursnorway.com\/wp-content\/uploads\/2024\/10\/joklagutane-forside_bjycuc-1.jpg ,https:\/\/glaciertoursnorway.com\/wp-content\/uploads\/2024\/10\/joklagutane-forside_bjycuc-1.jpg 780w, https:\/\/glaciertoursnorway.com\/wp-content\/uploads\/2024\/10\/joklagutane-forside_bjycuc-1-350x350.jpg 360w\" sizes=\"auto, (max-width: 480px) 150px\" src=\"https:\/\/glaciertoursnorway.com\/wp-content\/uploads\/2024\/10\/joklagutane-forside_bjycuc-1.jpg\" alt=\"\" class=\"uag-image-29\" width=\"687\" height=\"500\" title=\"\" loading=\"lazy\" role=\"presentation\"\/><\/figure><\/div>\n<\/div>\n<\/div><\/div>\n\n\n\n<div class=\"wp-block-uagb-container uagb-block-6c600c1f alignfull uagb-is-root-container\"><div class=\"uagb-container-inner-blocks-wrap\">\n<div class=\"wp-block-uagb-info-box uagb-block-623dee77 uagb-infobox__content-wrap  uagb-infobox-icon-above-title uagb-infobox-image-valign-top wp-block-uagb-info-box--has-margin\"><div class=\"uagb-infobox-margin-wrapper\"><div class=\"uagb-ifb-content\"><div class=\"uagb-ifb-title-wrap\"><h1 class=\"uagb-ifb-title\">GUIDEDE BRETUR<\/h1><\/div><div class=\"uagb-ifb-separator\"><\/div><p class=\"uagb-ifb-desc\"><strong>Hardangerj\u00f8kulen er den sjette st\u00f8rste isbreen i Norge. Overflaten er omtrent 73 km\u00b2 og det h\u00f8yeste punktet p\u00e5 breen er 1 863 meter over havet. Breen har flere utl\u00f8psbreer, der de mest kjente er Bl\u00e5isen og Midtdalsbreen \u00f8stover mot Finse og Rembesdalsk\u00e5ka, vestover mot Simadalen.<\/strong><\/p><\/div><\/div><\/div>\n<\/div><\/div>\n\n\n\n<div class=\"wp-block-uagb-container uagb-block-674dbe07 alignfull uagb-is-root-container\"><div class=\"uagb-container-inner-blocks-wrap\">\n<div class=\"wp-block-uagb-info-box uagb-block-0a91598b uagb-infobox__content-wrap  uagb-infobox-icon-above-title uagb-infobox-image-valign-top\"><div class=\"uagb-ifb-content\"><div class=\"uagb-ifb-title-wrap\"><h1 class=\"uagb-ifb-title\"><mark style=\"background-color:rgba(0, 0, 0, 0)\" class=\"has-inline-color has-ast-global-color-5-color\">\u00c5 utforske bl\u00e5isen er en uforglemmelig opplevelse.<\/mark><\/h1><\/div><div class=\"uagb-ifb-button-wrapper wp-block-button\"><a href=\"https:\/\/bturl.no\/p4580?source=glaciertoursnorway.com&amp;lang=en\" class=\"uagb-infobox-cta-link wp-block-button__link\" target=\"_blank\" rel=\"noopener noreferrer\" onclick=\"return true;\"><span class=\"uagb-inline-editing\">Bestill din tur i dag!<\/span><\/a><\/div><\/div><\/div>\n<\/div><\/div>","protected":false},"excerpt":{"rendered":"","protected":false},"author":1,"featured_media":22,"parent":0,"menu_order":0,"comment_status":"closed","ping_status":"closed","template":"","meta":{"_seopress_robots_primary_cat":"","_seopress_titles_title":"Glacier Tours in Norway | Unforgettable Experience","_seopress_titles_desc":"Experience the most magnificent glacier in Norway! - An unforgettable experience! Book Tour and more info.","_seopress_robots_index":"","_uag_custom_page_level_css":"","site-sidebar-layout":"default","site-content-layout":"","ast-site-content-layout":"default","site-content-style":"default","site-sidebar-style":"default","ast-global-header-display":"","ast-banner-title-visibility":"","ast-main-header-display":"","ast-hfb-above-header-display":"","ast-hfb-below-header-display":"","ast-hfb-mobile-header-display":"","site-post-title":"","ast-breadcrumbs-content":"","ast-featured-img":"","footer-sml-layout":"","ast-disable-related-posts":"","theme-transparent-header-meta":"enabled","adv-header-id-meta":"","stick-header-meta":"","header-above-stick-meta":"","header-main-stick-meta":"","header-below-stick-meta":"","astra-migrate-meta-layouts":"default","ast-page-background-enabled":"default","ast-page-background-meta":{"desktop":{"background-color":"var(--ast-global-color-4)","background-image":"","background-repeat":"repeat","background-position":"center center","background-size":"auto","background-attachment":"scroll","background-type":"","background-media":"","overlay-type":"","overlay-color":"","overlay-opacity":"","overlay-gradient":""},"tablet":{"background-color":"","background-image":"","background-repeat":"repeat","background-position":"center center","background-size":"auto","background-attachment":"scroll","background-type":"","background-media":"","overlay-type":"","overlay-color":"","overlay-opacity":"","overlay-gradient":""},"mobile":{"background-color":"","background-image":"","background-repeat":"repeat","background-position":"center center","background-size":"auto","background-attachment":"scroll","background-type":"","background-media":"","overlay-type":"","overlay-color":"","overlay-opacity":"","overlay-gradient":""}},"ast-content-background-meta":{"desktop":{"background-color":"var(--ast-global-color-5)","background-image":"","background-repeat":"repeat","background-position":"center center","background-size":"auto","background-attachment":"scroll","background-type":"","background-media":"","overlay-type":"","overlay-color":"","overlay-opacity":"","overlay-gradient":""},"tablet":{"background-color":"var(--ast-global-color-5)","background-image":"","background-repeat":"repeat","background-position":"center center","background-size":"auto","background-attachment":"scroll","background-type":"","background-media":"","overlay-type":"","overlay-color":"","overlay-opacity":"","overlay-gradient":""},"mobile":{"background-color":"var(--ast-global-color-5)","background-image":"","background-repeat":"repeat","background-position":"center center","background-size":"auto","background-attachment":"scroll","background-type":"","background-media":"","overlay-type":"","overlay-color":"","overlay-opacity":"","overlay-gradient":""}},"footnotes":""},"class_list":["post-20","page","type-page","status-publish","has-post-thumbnail","hentry"],"uagb_featured_image_src":{"full":["https:\/\/glaciertoursnorway.com\/wp-content\/uploads\/2024\/10\/joklagutane-forside-hero.jpg",1918,1200,false],"thumbnail":["https:\/\/glaciertoursnorway.com\/wp-content\/uploads\/2024\/10\/joklagutane-forside-hero-350x350.jpg",350,350,true],"medium":["https:\/\/glaciertoursnorway.com\/wp-content\/uploads\/2024\/10\/joklagutane-forside-hero-750x469.jpg",750,469,true],"medium_large":["https:\/\/glaciertoursnorway.com\/wp-content\/uploads\/2024\/10\/joklagutane-forside-hero-768x481.jpg",768,481,true],"large":["https:\/\/glaciertoursnorway.com\/wp-content\/uploads\/2024\/10\/joklagutane-forside-hero-1200x751.jpg",1200,751,true],"1536x1536":["https:\/\/glaciertoursnorway.com\/wp-content\/uploads\/2024\/10\/joklagutane-forside-hero-1536x961.jpg",1536,961,true],"2048x2048":["https:\/\/glaciertoursnorway.com\/wp-content\/uploads\/2024\/10\/joklagutane-forside-hero.jpg",1918,1200,false],"trp-custom-language-flag":["https:\/\/glaciertoursnorway.com\/wp-content\/uploads\/2024\/10\/joklagutane-forside-hero.jpg",18,12,false]},"uagb_author_info":{"display_name":"post@noxx.no","author_link":"https:\/\/glaciertoursnorway.com\/no\/author\/postnoxx-no\/"},"uagb_comment_info":0,"uagb_excerpt":null,"_links":{"self":[{"href":"https:\/\/glaciertoursnorway.com\/no\/wp-json\/wp\/v2\/pages\/20","targetHints":{"allow":["GET"]}}],"collection":[{"href":"https:\/\/glaciertoursnorway.com\/no\/wp-json\/wp\/v2\/pages"}],"about":[{"href":"https:\/\/glaciertoursnorway.com\/no\/wp-json\/wp\/v2\/types\/page"}],"author":[{"embeddable":true,"href":"https:\/\/glaciertoursnorway.com\/no\/wp-json\/wp\/v2\/users\/1"}],"replies":[{"embeddable":true,"href":"https:\/\/glaciertoursnorway.com\/no\/wp-json\/wp\/v2\/comments?post=20"}],"version-history":[{"count":1,"href":"https:\/\/glaciertoursnorway.com\/no\/wp-json\/wp\/v2\/pages\/20\/revisions"}],"predecessor-version":[{"id":348,"href":"https:\/\/glaciertoursnorway.com\/no\/wp-json\/wp\/v2\/pages\/20\/revisions\/348"}],"wp:featuredmedia":[{"embeddable":true,"href":"https:\/\/glaciertoursnorway.com\/no\/wp-json\/wp\/v2\/media\/22"}],"wp:attachment":[{"href":"https:\/\/glaciertoursnorway.com\/no\/wp-json\/wp\/v2\/media?parent=20"}],"curies":[{"name":"wp","href":"https:\/\/api.w.org\/{rel}","templated":true}]}}