{"id":88,"date":"2024-10-13T04:18:09","date_gmt":"2024-10-13T04:18:09","guid":{"rendered":"https:\/\/glaciertoursnorway.com\/?page_id=88"},"modified":"2025-11-28T11:08:37","modified_gmt":"2025-11-28T11:08:37","slug":"prices","status":"publish","type":"page","link":"https:\/\/glaciertoursnorway.com\/no\/prices\/","title":{"rendered":"Priser &amp; Info"},"content":{"rendered":"<div class=\"wp-block-uagb-container uagb-block-6da6bc96 alignfull uagb-is-root-container\"><div class=\"uagb-container-inner-blocks-wrap\">\n<div class=\"wp-block-uagb-container uagb-block-c0333c62\">\n<div class=\"wp-block-uagb-info-box uagb-block-14d29bf7 uagb-infobox__content-wrap  uagb-infobox-icon-above-title uagb-infobox-image-valign-top\"><div class=\"uagb-ifb-content\"><div class=\"uagb-ifb-title-wrap\"><h1 class=\"uagb-ifb-title\"><mark style=\"background-color:rgba(0, 0, 0, 0)\" class=\"has-inline-color has-ast-global-color-0-color\">Guidede breturer p\u00e5 Finse<\/mark> \u2013 Unike opplevelser og minner for livet!<\/h1><\/div><div class=\"uagb-ifb-button-wrapper wp-block-button\"><a href=\"https:\/\/bturl.no\/p4580?source=glaciertoursnorway.com&amp;lang=en\" class=\"uagb-infobox-cta-link wp-block-button__link\" target=\"_blank\" rel=\"noopener noreferrer\" onclick=\"return true;\"><span class=\"uagb-inline-editing\">Bestill tur<\/span><\/a><\/div><\/div><\/div>\n<\/div>\n<\/div><\/div>\n\n\n\n<div class=\"wp-block-uagb-container uagb-block-hbhrvaed alignfull uagb-is-root-container\"><div class=\"uagb-container-inner-blocks-wrap\">\n<div class=\"wp-block-uagb-info-box uagb-block-grg9x5yd uagb-infobox__content-wrap  uagb-infobox-icon-above-title uagb-infobox-image-valign-top\"><div class=\"uagb-ifb-content\"><div class=\"uagb-ifb-title-wrap\"><h2 class=\"uagb-ifb-title\"><mark style=\"background-color:rgba(0, 0, 0, 0)\" class=\"has-inline-color has-ast-global-color-0-color\">Priser 2025 <\/mark>Guidede breturer i Norge.<\/h2><\/div><\/div><\/div>\n\n\n\n<div class=\"wp-block-uagb-info-box uagb-block-bubhpi0l uagb-infobox__content-wrap  uagb-infobox-icon-above-title uagb-infobox-image-valign-top wp-block-uagb-info-box--has-margin\"><div class=\"uagb-infobox-margin-wrapper\"><div class=\"uagb-ifb-content\"><div class=\"uagb-ifb-title-wrap\"><h3 class=\"uagb-ifb-title-prefix\">Breturen p\u00e5 Finse arrangeres og gjennomf\u00f8res av aktivitetsbedriften J\u00f8klagutane AS.<\/h3><\/div><p class=\"uagb-ifb-desc\">Turene vil i utgangspunktet g\u00e5 hver dag i sommersesongen og de varer i ca 6-7 timer. Vanligvis starter turene rundt kl 11.00 fra Finse jernbanestasjon ved\/ved venterommet.<br><br>For spesielle henvendelser vennligst ring oss p\u00e5: <a href=\"tel:+4799331222\" target=\"_blank\" rel=\"noreferrer noopener nofollow\">(+47) 993 31 222<\/a> eller send en e-post til: <a href=\"mailto:post@joklagutane.no\" target=\"_blank\" rel=\"noreferrer noopener nofollow\">post@joklagutane.no<\/a><\/p><\/div><\/div><\/div>\n<\/div><\/div>\n\n\n\n<div class=\"wp-block-uagb-container uagb-block-y0dlgxts alignfull uagb-is-root-container\"><div class=\"uagb-container-inner-blocks-wrap\">\n<div class=\"wp-block-uagb-container uagb-block-pf1bpi9y\">\n<div class=\"wp-block-uagb-container uagb-layout-grid uagb-block-fpuwjtvr\">\n<div class=\"wp-block-uagb-info-box uagb-block-qwr3gqkz uagb-infobox__content-wrap  uagb-infobox-icon-above-title uagb-infobox-image-valign-top\"><div class=\"uagb-ifb-content\"><div class=\"uagb-ifb-title-wrap\"><p class=\"uagb-ifb-title\">Pris per person<\/p><\/div><p class=\"uagb-ifb-desc\">Standard tur med varighet 6-7 timer til Bl\u00e5isen-omr\u00e5det. <\/p><\/div><\/div>\n\n\n\n<div class=\"wp-block-uagb-info-box uagb-block-azi9wlzs uagb-infobox__content-wrap  uagb-infobox-icon-above-title uagb-infobox-image-valign-top\"><div class=\"uagb-ifb-content\"><div class=\"uagb-ifb-title-wrap\"><h3 class=\"uagb-ifb-title\">NOK 1290,-<\/h3><\/div><\/div><\/div>\n<\/div>\n\n\n\n<div class=\"wp-block-uagb-separator uagb-block-cp8hqym7\"><div class=\"wp-block-uagb-separator__inner\" style=\"--my-background-image:\"><\/div><\/div>\n\n\n\n<p><strong>Pris inkluderer:<\/strong><\/p>\n\n\n\n<div class=\"wp-block-uagb-container uagb-layout-grid uagb-block-lqhtxao8\">\n<div class=\"wp-block-uagb-icon-list uagb-block-81h4gcqn\"><div class=\"uagb-icon-list__wrap\">\n<div class=\"wp-block-uagb-icon-list-child uagb-block-1l2i3ojk\"><span class=\"uagb-icon-list__source-wrap\"><svg xmlns=\"https:\/\/www.w3.org\/2000\/svg\" viewbox=\"0 0 448 512\"><path d=\"M438.6 105.4C451.1 117.9 451.1 138.1 438.6 150.6L182.6 406.6C170.1 419.1 149.9 419.1 137.4 406.6L9.372 278.6C-3.124 266.1-3.124 245.9 9.372 233.4C21.87 220.9 42.13 220.9 54.63 233.4L159.1 338.7L393.4 105.4C405.9 92.88 426.1 92.88 438.6 105.4H438.6z\"><\/path><\/svg><\/span><span class=\"uagb-icon-list__label\">Omvisning<\/span><\/div>\n\n\n\n<div class=\"wp-block-uagb-icon-list-child uagb-block-bkyhb30d\"><span class=\"uagb-icon-list__source-wrap\"><svg xmlns=\"https:\/\/www.w3.org\/2000\/svg\" viewbox=\"0 0 448 512\"><path d=\"M438.6 105.4C451.1 117.9 451.1 138.1 438.6 150.6L182.6 406.6C170.1 419.1 149.9 419.1 137.4 406.6L9.372 278.6C-3.124 266.1-3.124 245.9 9.372 233.4C21.87 220.9 42.13 220.9 54.63 233.4L159.1 338.7L393.4 105.4C405.9 92.88 426.1 92.88 438.6 105.4H438.6z\"><\/path><\/svg><\/span><span class=\"uagb-icon-list__label\">Forsikring <\/span><\/div>\n<\/div><\/div>\n\n\n\n<div class=\"wp-block-uagb-icon-list uagb-block-afwtgzsv\"><div class=\"uagb-icon-list__wrap\">\n<div class=\"wp-block-uagb-icon-list-child uagb-block-vmj0f8fm\"><span class=\"uagb-icon-list__source-wrap\"><svg xmlns=\"https:\/\/www.w3.org\/2000\/svg\" viewbox=\"0 0 448 512\"><path d=\"M438.6 105.4C451.1 117.9 451.1 138.1 438.6 150.6L182.6 406.6C170.1 419.1 149.9 419.1 137.4 406.6L9.372 278.6C-3.124 266.1-3.124 245.9 9.372 233.4C21.87 220.9 42.13 220.9 54.63 233.4L159.1 338.7L393.4 105.4C405.9 92.88 426.1 92.88 438.6 105.4H438.6z\"><\/path><\/svg><\/span><span class=\"uagb-icon-list__label\">N\u00f8dvendig utstyr<\/span><\/div>\n\n\n\n<div class=\"wp-block-uagb-icon-list-child uagb-block-7tqik2ez\"><span class=\"uagb-icon-list__source-wrap\"><svg xmlns=\"https:\/\/www.w3.org\/2000\/svg\" viewbox=\"0 0 448 512\"><path d=\"M438.6 105.4C451.1 117.9 451.1 138.1 438.6 150.6L182.6 406.6C170.1 419.1 149.9 419.1 137.4 406.6L9.372 278.6C-3.124 266.1-3.124 245.9 9.372 233.4C21.87 220.9 42.13 220.9 54.63 233.4L159.1 338.7L393.4 105.4C405.9 92.88 426.1 92.88 438.6 105.4H438.6z\"><\/path><\/svg><\/span><span class=\"uagb-icon-list__label\">Personlig gave<\/span><\/div>\n<\/div><\/div>\n<\/div>\n\n\n\n<div class=\"wp-block-uagb-separator uagb-block-y4cwpmgl\"><div class=\"uagb-separator-spacing-wrapper\"><div class=\"wp-block-uagb-separator__inner\" style=\"--my-background-image:\"><\/div><\/div><\/div>\n\n\n\n<div class=\"wp-block-uagb-buttons uagb-buttons__outer-wrap uagb-btn__default-btn uagb-btn-tablet__default-btn uagb-btn-mobile__default-btn uagb-block-vb0cbvhe\"><div class=\"uagb-buttons__wrap uagb-buttons-layout-wrap\">\n<div class=\"wp-block-uagb-buttons-child uagb-buttons__outer-wrap uagb-block-kmnkjreq wp-block-button\"><div class=\"uagb-button__wrapper\"><a class=\"uagb-buttons-repeater wp-block-button__link\" aria-label=\"\" href=\"https:\/\/bturl.no\/p4580?source=glaciertoursnorway.com&amp;lang=en\" rel=\"nofollow noopener\" target=\"_blank\" role=\"button\"><div class=\"uagb-button__link\">Order glacier trip<\/div><\/a><\/div><\/div>\n<\/div><\/div>\n<\/div>\n\n\n\n<div class=\"wp-block-uagb-container uagb-block-brewsksu\">\n<div class=\"wp-block-uagb-info-box uagb-block-m7bvoone uagb-infobox__content-wrap  uagb-infobox-icon-above-title uagb-infobox-image-valign-top\"><div class=\"uagb-ifb-content\"><div class=\"uagb-ifb-title-wrap\"><h2 class=\"uagb-ifb-title\">Praktisk informasjon<\/h2><\/div><p class=\"uagb-ifb-desc\">Standard tur med varighet 6-7 timer til Bl\u00e5isen-omr\u00e5det. Prisen inkluderer guide, n\u00f8dvendig utstyr, forsikring og personlig gave.<\/p><div class=\"uagb-ifb-separator\"><\/div><\/div><\/div>\n\n\n\n<div class=\"wp-block-uagb-info-box uagb-block-xkwghhqa uagb-infobox__content-wrap  uagb-infobox-icon-above-title uagb-infobox-image-valign-top\"><div class=\"uagb-ifb-content\"><div class=\"uagb-ifb-title-wrap\"><h4 class=\"uagb-ifb-title\">Kl\u00e6r til turen<\/h4><\/div><p class=\"uagb-ifb-desc\"><strong>Vi stiller med n\u00f8dvendig utstyr, men det er viktig at du er skikkelig kledd til turen.<\/strong><br><br>Kl\u00e6rne skal v\u00e6re solide og vann\/vindtett da v\u00e6ret skifter raskt p\u00e5 Jokula. Velg solide sko og husk ogs\u00e5 \u00e5 ta med lue og et par hansker\/votter. Vi anbefaler ogs\u00e5 \u00e5 ta med solbriller. Du m\u00e5 ogs\u00e5 ta med egen mat og drikke til turen.<\/p><div class=\"uagb-ifb-separator\"><\/div><\/div><\/div>\n\n\n\n<div class=\"wp-block-uagb-info-box uagb-block-uxxaxuzo uagb-infobox__content-wrap  uagb-infobox-icon-above-title uagb-infobox-image-valign-top\"><div class=\"uagb-ifb-content\"><div class=\"uagb-ifb-title-wrap\"><h4 class=\"uagb-ifb-title\">Ankomst til Finse<\/h4><\/div><p class=\"uagb-ifb-desc\"><strong>For \u00e5 komme til Finse m\u00e5 du ta toget hvis du ikke g\u00e5r eller sykler. Togbilletter kan kj\u00f8pes p\u00e5 <a href=\"https:\/\/www.vy.no\/en\/buy-tickets\/train-and-bus-tickets\" target=\"_blank\" rel=\"noreferrer noopener nofollow\">VY&#8217;s website.<\/a><\/strong><br><br>Hvis du reiser fra Bergen, g\u00e5r det f\u00f8rste toget fra Bergen kl. 07:57. Toget ankommer Finse stasjon kl 10:14, og siste tog tilbake til Bergen g\u00e5r kl 20:00 fra Finse stasjon.<br><br>Hvis du reiser fra Oslo, g\u00e5r det f\u00f8rste toget fra Oslo kl. 06:25. Toget fra Oslo ankommer Finse stasjon kl 10:55, og siste tog tilbake til Oslo g\u00e5r fra Finse stasjon kl 19:12.<\/p><div class=\"uagb-ifb-separator\"><\/div><\/div><\/div>\n\n\n\n<div class=\"wp-block-uagb-info-box uagb-block-oipib9np uagb-infobox__content-wrap  uagb-infobox-icon-above-title uagb-infobox-image-valign-top\"><div class=\"uagb-ifb-content\"><div class=\"uagb-ifb-title-wrap\"><h4 class=\"uagb-ifb-title\">Overnattinng<\/h4><\/div><p class=\"uagb-ifb-desc\">\u00d8nsker du \u00e5 overnatte p\u00e5 Finse er det mange alternativer. Vi har laget en liste over sovemuligheter.<br><br><a href=\"https:\/\/www.hotelfinse1222.no\/\" target=\"_blank\" rel=\"noreferrer noopener nofollow\">Hotel Finse 1222<\/a><br><a href=\"https:\/\/www.haugastol.no\/en\/accommodation\" target=\"_blank\" rel=\"noreferrer noopener nofollow\">Haugast\u00f8l<\/a><br><a href=\"https:\/\/www.dnt.no\/hytter\/betjente\/finsehytta\/english\/\" target=\"_blank\" rel=\"noreferrer noopener nofollow\">Finsehytta<\/a><\/p><\/div><\/div>\n<\/div>\n<\/div><\/div>\n\n\n\n<div class=\"wp-block-uagb-container uagb-block-6c600c1f alignfull uagb-is-root-container\"><div class=\"uagb-container-inner-blocks-wrap\">\n<div class=\"wp-block-uagb-info-box uagb-block-623dee77 uagb-infobox__content-wrap  uagb-infobox-icon-above-title uagb-infobox-image-valign-top wp-block-uagb-info-box--has-margin\"><div class=\"uagb-infobox-margin-wrapper\"><div class=\"uagb-ifb-content\"><div class=\"uagb-ifb-title-wrap\"><h1 class=\"uagb-ifb-title\">GUIDEDE BRETUR<\/h1><\/div><div class=\"uagb-ifb-separator\"><\/div><p class=\"uagb-ifb-desc\"><strong>Hardangerj\u00f8kulen er den sjette st\u00f8rste isbreen i Norge. Overflaten er omtrent 73 km\u00b2 og det h\u00f8yeste punktet p\u00e5 breen er 1 863 meter over havet. Breen har flere utl\u00f8psbreer, der de mest kjente er Bl\u00e5isen og Midtdalsbreen \u00f8stover mot Finse og Rembesdalsk\u00e5ka, vestover mot Simadalen.<\/strong><\/p><\/div><\/div><\/div>\n<\/div><\/div>\n\n\n\n<div class=\"wp-block-uagb-container uagb-block-674dbe07 alignfull uagb-is-root-container\"><div class=\"uagb-container-inner-blocks-wrap\">\n<div class=\"wp-block-uagb-info-box uagb-block-0a91598b uagb-infobox__content-wrap  uagb-infobox-icon-above-title uagb-infobox-image-valign-top\"><div class=\"uagb-ifb-content\"><div class=\"uagb-ifb-title-wrap\"><h1 class=\"uagb-ifb-title\"><mark style=\"background-color:rgba(0, 0, 0, 0)\" class=\"has-inline-color has-ast-global-color-5-color\">\u00c5 utforske bl\u00e5isen er en uforglemmelig opplevelse.<\/mark><\/h1><\/div><div class=\"uagb-ifb-button-wrapper wp-block-button\"><a href=\"https:\/\/bturl.no\/p4580?source=glaciertoursnorway.com&amp;lang=en\" class=\"uagb-infobox-cta-link wp-block-button__link\" target=\"_blank\" rel=\"noopener noreferrer\" onclick=\"return true;\"><span class=\"uagb-inline-editing\">Bestill din tur i dag!<\/span><\/a><\/div><\/div><\/div>\n<\/div><\/div>","protected":false},"excerpt":{"rendered":"<p>Pris inkluderer:<\/p>","protected":false},"author":1,"featured_media":154,"parent":0,"menu_order":0,"comment_status":"closed","ping_status":"closed","template":"","meta":{"_seopress_robots_primary_cat":"","_seopress_titles_title":"","_seopress_titles_desc":"The glacier tour at Finse is arranged and carried out by the activity company J\u00f8klagutane AS. See prices and practical information about the event.","_seopress_robots_index":"","_uag_custom_page_level_css":"","site-sidebar-layout":"default","site-content-layout":"","ast-site-content-layout":"default","site-content-style":"default","site-sidebar-style":"default","ast-global-header-display":"","ast-banner-title-visibility":"","ast-main-header-display":"","ast-hfb-above-header-display":"","ast-hfb-below-header-display":"","ast-hfb-mobile-header-display":"","site-post-title":"","ast-breadcrumbs-content":"","ast-featured-img":"","footer-sml-layout":"","ast-disable-related-posts":"","theme-transparent-header-meta":"","adv-header-id-meta":"","stick-header-meta":"","header-above-stick-meta":"","header-main-stick-meta":"","header-below-stick-meta":"","astra-migrate-meta-layouts":"default","ast-page-background-enabled":"default","ast-page-background-meta":{"desktop":{"background-color":"var(--ast-global-color-4)","background-image":"","background-repeat":"repeat","background-position":"center center","background-size":"auto","background-attachment":"scroll","background-type":"","background-media":"","overlay-type":"","overlay-color":"","overlay-opacity":"","overlay-gradient":""},"tablet":{"background-color":"","background-image":"","background-repeat":"repeat","background-position":"center center","background-size":"auto","background-attachment":"scroll","background-type":"","background-media":"","overlay-type":"","overlay-color":"","overlay-opacity":"","overlay-gradient":""},"mobile":{"background-color":"","background-image":"","background-repeat":"repeat","background-position":"center center","background-size":"auto","background-attachment":"scroll","background-type":"","background-media":"","overlay-type":"","overlay-color":"","overlay-opacity":"","overlay-gradient":""}},"ast-content-background-meta":{"desktop":{"background-color":"var(--ast-global-color-5)","background-image":"","background-repeat":"repeat","background-position":"center center","background-size":"auto","background-attachment":"scroll","background-type":"","background-media":"","overlay-type":"","overlay-color":"","overlay-opacity":"","overlay-gradient":""},"tablet":{"background-color":"var(--ast-global-color-5)","background-image":"","background-repeat":"repeat","background-position":"center center","background-size":"auto","background-attachment":"scroll","background-type":"","background-media":"","overlay-type":"","overlay-color":"","overlay-opacity":"","overlay-gradient":""},"mobile":{"background-color":"var(--ast-global-color-5)","background-image":"","background-repeat":"repeat","background-position":"center center","background-size":"auto","background-attachment":"scroll","background-type":"","background-media":"","overlay-type":"","overlay-color":"","overlay-opacity":"","overlay-gradient":""}},"footnotes":""},"class_list":["post-88","page","type-page","status-publish","has-post-thumbnail","hentry"],"uagb_featured_image_src":{"full":["https:\/\/glaciertoursnorway.com\/wp-content\/uploads\/2024\/10\/hero-prices.jpg",2048,1365,false],"thumbnail":["https:\/\/glaciertoursnorway.com\/wp-content\/uploads\/2024\/10\/hero-prices-350x350.jpg",350,350,true],"medium":["https:\/\/glaciertoursnorway.com\/wp-content\/uploads\/2024\/10\/hero-prices-750x500.jpg",750,500,true],"medium_large":["https:\/\/glaciertoursnorway.com\/wp-content\/uploads\/2024\/10\/hero-prices-768x512.jpg",768,512,true],"large":["https:\/\/glaciertoursnorway.com\/wp-content\/uploads\/2024\/10\/hero-prices-1200x800.jpg",1200,800,true],"1536x1536":["https:\/\/glaciertoursnorway.com\/wp-content\/uploads\/2024\/10\/hero-prices-1536x1024.jpg",1536,1024,true],"2048x2048":["https:\/\/glaciertoursnorway.com\/wp-content\/uploads\/2024\/10\/hero-prices.jpg",2048,1365,false],"trp-custom-language-flag":["https:\/\/glaciertoursnorway.com\/wp-content\/uploads\/2024\/10\/hero-prices.jpg",18,12,false]},"uagb_author_info":{"display_name":"post@noxx.no","author_link":"https:\/\/glaciertoursnorway.com\/no\/author\/postnoxx-no\/"},"uagb_comment_info":0,"uagb_excerpt":"Price includes:","_links":{"self":[{"href":"https:\/\/glaciertoursnorway.com\/no\/wp-json\/wp\/v2\/pages\/88","targetHints":{"allow":["GET"]}}],"collection":[{"href":"https:\/\/glaciertoursnorway.com\/no\/wp-json\/wp\/v2\/pages"}],"about":[{"href":"https:\/\/glaciertoursnorway.com\/no\/wp-json\/wp\/v2\/types\/page"}],"author":[{"embeddable":true,"href":"https:\/\/glaciertoursnorway.com\/no\/wp-json\/wp\/v2\/users\/1"}],"replies":[{"embeddable":true,"href":"https:\/\/glaciertoursnorway.com\/no\/wp-json\/wp\/v2\/comments?post=88"}],"version-history":[{"count":2,"href":"https:\/\/glaciertoursnorway.com\/no\/wp-json\/wp\/v2\/pages\/88\/revisions"}],"predecessor-version":[{"id":346,"href":"https:\/\/glaciertoursnorway.com\/no\/wp-json\/wp\/v2\/pages\/88\/revisions\/346"}],"wp:featuredmedia":[{"embeddable":true,"href":"https:\/\/glaciertoursnorway.com\/no\/wp-json\/wp\/v2\/media\/154"}],"wp:attachment":[{"href":"https:\/\/glaciertoursnorway.com\/no\/wp-json\/wp\/v2\/media?parent=88"}],"curies":[{"name":"wp","href":"https:\/\/api.w.org\/{rel}","templated":true}]}}