{"id":90,"date":"2024-10-13T04:18:29","date_gmt":"2024-10-13T04:18:29","guid":{"rendered":"https:\/\/glaciertoursnorway.com\/?page_id=90"},"modified":"2024-10-13T17:04:22","modified_gmt":"2024-10-13T17:04:22","slug":"guides","status":"publish","type":"page","link":"https:\/\/glaciertoursnorway.com\/no\/guides\/","title":{"rendered":"V\u00e5re guider"},"content":{"rendered":"<div class=\"wp-block-uagb-container uagb-block-uwnbluyd alignfull uagb-is-root-container\"><div class=\"uagb-container-inner-blocks-wrap\">\n<div class=\"wp-block-uagb-info-box uagb-block-wq00456q uagb-infobox__content-wrap  uagb-infobox-icon-above-title uagb-infobox-image-valign-top\"><div class=\"uagb-ifb-content\"><div class=\"uagb-ifb-title-wrap\"><h2 class=\"uagb-ifb-title\">Alle v\u00e5re guider er lokalkjente og kan vise deg de absolutt beste stedene p\u00e5 Finse. Vi spesialiserer oss p\u00e5 <mark style=\"background-color:rgba(0, 0, 0, 0)\" class=\"has-inline-color has-ast-global-color-0-color\">unike naturopplevelser.<\/mark><\/h2><\/div><div class=\"uagb-ifb-separator\"><\/div><\/div><\/div>\n<\/div><\/div>\n\n\n\n<div class=\"wp-block-uagb-container uagb-layout-grid uagb-block-189d0d4d alignfull uagb-is-root-container\"><div class=\"uagb-container-inner-blocks-wrap\">\n<div class=\"wp-block-uagb-info-box uagb-block-cee4749e uagb-infobox__content-wrap  uagb-infobox-icon-above-title uagb-infobox-image-valign-top\"><div class=\"uagb-ifb-content\"><div class=\"uagb-ifb-image-content\"><img decoding=\"async\" src=\"https:\/\/glaciertoursnorway.com\/wp-content\/uploads\/2024\/10\/Edvin-guide.jpg\" alt=\"\" width=\"\" height=\"0\" loading=\"lazy\"\/><\/div><div class=\"uagb-ifb-title-wrap\"><h3 class=\"uagb-ifb-title\">Edvin Rylandsholm<\/h3><\/div><p class=\"uagb-ifb-desc\">Hovedguide for sesongen 2020<\/p><\/div><\/div>\n\n\n\n<div class=\"wp-block-uagb-info-box uagb-block-dfb6fe8b uagb-infobox__content-wrap  uagb-infobox-icon-above-title uagb-infobox-image-valign-top\"><div class=\"uagb-ifb-content\"><div class=\"uagb-ifb-image-content\"><img decoding=\"async\" src=\"https:\/\/glaciertoursnorway.com\/wp-content\/uploads\/2024\/10\/eirik-bilde_ueokt0.jpg\" alt=\"\" width=\"\" height=\"0\" loading=\"lazy\"\/><\/div><div class=\"uagb-ifb-title-wrap\"><h3 class=\"uagb-ifb-title\">Eirik Nordahl-Pedersen<\/h3><\/div><p class=\"uagb-ifb-desc\">Medeier i J\u00f8klagutane AS<\/p><\/div><\/div>\n\n\n\n<div class=\"wp-block-uagb-info-box uagb-block-691bde6a uagb-infobox__content-wrap  uagb-infobox-icon-above-title uagb-infobox-image-valign-top\"><div class=\"uagb-ifb-content\"><div class=\"uagb-ifb-image-content\"><img decoding=\"async\" src=\"https:\/\/glaciertoursnorway.com\/wp-content\/uploads\/2024\/10\/kjell-magne-bilde_vhoyuv.jpg\" alt=\"\" width=\"\" height=\"0\" loading=\"lazy\"\/><\/div><div class=\"uagb-ifb-title-wrap\"><h3 class=\"uagb-ifb-title\">Kjell Magne Tangen<\/h3><\/div><p class=\"uagb-ifb-desc\">Medeier i J\u00f8klagutane AS<\/p><\/div><\/div>\n\n\n\n<div class=\"wp-block-uagb-info-box uagb-block-c5887db6 uagb-infobox__content-wrap  uagb-infobox-icon-above-title uagb-infobox-image-valign-top\"><div class=\"uagb-ifb-content\"><div class=\"uagb-ifb-image-content\"><img decoding=\"async\" src=\"https:\/\/glaciertoursnorway.com\/wp-content\/uploads\/2024\/10\/sebastian-bilde_ffyyao.jpg\" alt=\"\" width=\"\" height=\"0\" loading=\"lazy\"\/><\/div><div class=\"uagb-ifb-title-wrap\"><h3 class=\"uagb-ifb-title\">Sebastian Gj\u00f8lstad<\/h3><\/div><p class=\"uagb-ifb-desc\">Bref\u00f8rer for J\u00f8klagutane Finse<\/p><\/div><\/div>\n\n\n\n<div class=\"wp-block-uagb-info-box uagb-block-aafef584 uagb-infobox__content-wrap  uagb-infobox-icon-above-title uagb-infobox-image-valign-top\"><div class=\"uagb-ifb-content\"><div class=\"uagb-ifb-image-content\"><img decoding=\"async\" src=\"https:\/\/glaciertoursnorway.com\/wp-content\/uploads\/2024\/10\/ronny-bilde_o3wqem.jpg\" alt=\"\" width=\"\" height=\"0\" loading=\"lazy\"\/><\/div><div class=\"uagb-ifb-title-wrap\"><h3 class=\"uagb-ifb-title\">Ronny Fins\u00e5s<\/h3><\/div><p class=\"uagb-ifb-desc\">Fastboende p\u00e5 Finse \/ Guide og kokk p\u00e5 heltid<\/p><\/div><\/div>\n\n\n\n<div class=\"wp-block-uagb-info-box uagb-block-4b8aba15 uagb-infobox__content-wrap  uagb-infobox-icon-above-title uagb-infobox-image-valign-top\"><div class=\"uagb-ifb-content\"><div class=\"uagb-ifb-image-content\"><img decoding=\"async\" src=\"https:\/\/glaciertoursnorway.com\/wp-content\/uploads\/2024\/10\/mari-bilde_uvwlia.jpg\" alt=\"\" width=\"\" height=\"0\" loading=\"lazy\"\/><\/div><div class=\"uagb-ifb-title-wrap\"><h3 class=\"uagb-ifb-title\">Mari Haga Basberg<\/h3><\/div><p class=\"uagb-ifb-desc\">Breguide og breinstrukt\u00f8r \/ fritidsleilighet p\u00e5 Finse<\/p><\/div><\/div>\n\n\n\n<div class=\"wp-block-uagb-info-box uagb-block-50828098 uagb-infobox__content-wrap  uagb-infobox-icon-above-title uagb-infobox-image-valign-top\"><div class=\"uagb-ifb-content\"><div class=\"uagb-ifb-image-content\"><img decoding=\"async\" src=\"https:\/\/glaciertoursnorway.com\/wp-content\/uploads\/2024\/10\/carl-bilde_ndtpkw.jpg\" alt=\"\" width=\"\" height=\"0\" loading=\"lazy\"\/><\/div><div class=\"uagb-ifb-title-wrap\"><h3 class=\"uagb-ifb-title\">Carl Alvey<\/h3><\/div><p class=\"uagb-ifb-desc\">Fastboende i nabobygda Haugast\u00f8l<\/p><\/div><\/div>\n\n\n\n<div class=\"wp-block-uagb-info-box uagb-block-53c9b7a5 uagb-infobox__content-wrap  uagb-infobox-icon-above-title uagb-infobox-image-valign-top\"><div class=\"uagb-ifb-content\"><div class=\"uagb-ifb-image-content\"><img decoding=\"async\" src=\"https:\/\/glaciertoursnorway.com\/wp-content\/uploads\/2024\/10\/terje-bilde_qramhr.jpg\" alt=\"\" width=\"\" height=\"0\" loading=\"lazy\"\/><\/div><div class=\"uagb-ifb-title-wrap\"><h3 class=\"uagb-ifb-title\">Terje Olav Olsen<\/h3><\/div><p class=\"uagb-ifb-desc\">Oppvokst p\u00e5 Finse \/ veteran<\/p><\/div><\/div>\n\n\n\n<div class=\"wp-block-uagb-info-box uagb-block-e798235c uagb-infobox__content-wrap  uagb-infobox-icon-above-title uagb-infobox-image-valign-top\"><div class=\"uagb-ifb-content\"><div class=\"uagb-ifb-image-content\"><img decoding=\"async\" src=\"https:\/\/glaciertoursnorway.com\/wp-content\/uploads\/2024\/10\/elise-bilde_m1wwkr.jpg\" alt=\"\" width=\"\" height=\"0\" loading=\"lazy\"\/><\/div><div class=\"uagb-ifb-title-wrap\"><h3 class=\"uagb-ifb-title\">Elise Jansson Engen<\/h3><\/div><p class=\"uagb-ifb-desc\">Bref\u00f8rer for J\u00f8klagutane Finse<\/p><\/div><\/div>\n\n\n\n<div class=\"wp-block-uagb-info-box uagb-block-a7f7ac9f uagb-infobox__content-wrap  uagb-infobox-icon-above-title uagb-infobox-image-valign-top\"><div class=\"uagb-ifb-content\"><div class=\"uagb-ifb-image-content\"><img decoding=\"async\" src=\"https:\/\/glaciertoursnorway.com\/wp-content\/uploads\/2024\/10\/cato-leganger-e1728808238432.jpg\" alt=\"\" width=\"\" height=\"0\" loading=\"lazy\"\/><\/div><div class=\"uagb-ifb-title-wrap\"><h3 class=\"uagb-ifb-title\">Cato Leganger<\/h3><\/div><p class=\"uagb-ifb-desc\">Bref\u00f8rer for J\u00f8klagutane Finse. Fastboende i Rosendal og jobber til daglig som journalist<\/p><\/div><\/div>\n\n\n\n<div class=\"wp-block-uagb-info-box uagb-block-68ece08b uagb-infobox__content-wrap  uagb-infobox-icon-above-title uagb-infobox-image-valign-top\"><div class=\"uagb-ifb-content\"><div class=\"uagb-ifb-image-content\"><img decoding=\"async\" src=\"https:\/\/glaciertoursnorway.com\/wp-content\/uploads\/2024\/10\/henriette-bilde_ra1iub.jpg\" alt=\"\" width=\"\" height=\"0\" loading=\"lazy\"\/><\/div><div class=\"uagb-ifb-title-wrap\"><h3 class=\"uagb-ifb-title\">Henriette Bull Poppelman<\/h3><\/div><p class=\"uagb-ifb-desc\">Bref\u00f8rer for J\u00f8klagutane Finse<\/p><\/div><\/div>\n<\/div><\/div>\n\n\n\n<div class=\"wp-block-uagb-container uagb-block-674dbe07 alignfull uagb-is-root-container\"><div class=\"uagb-container-inner-blocks-wrap\">\n<div class=\"wp-block-uagb-info-box uagb-block-0a91598b uagb-infobox__content-wrap  uagb-infobox-icon-above-title uagb-infobox-image-valign-top\"><div class=\"uagb-ifb-content\"><div class=\"uagb-ifb-title-wrap\"><h1 class=\"uagb-ifb-title\"><mark style=\"background-color:rgba(0, 0, 0, 0)\" class=\"has-inline-color has-ast-global-color-5-color\">\u00c5 utforske bl\u00e5isen er en uforglemmelig opplevelse.<\/mark><\/h1><\/div><div class=\"uagb-ifb-button-wrapper wp-block-button\"><a href=\"https:\/\/bturl.no\/p4580?source=glaciertoursnorway.com&amp;lang=en\" class=\"uagb-infobox-cta-link wp-block-button__link\" target=\"_blank\" rel=\"noopener noreferrer\" onclick=\"return true;\"><span class=\"uagb-inline-editing\">Bestill din tur i dag!<\/span><\/a><\/div><\/div><\/div>\n<\/div><\/div>","protected":false},"excerpt":{"rendered":"","protected":false},"author":1,"featured_media":127,"parent":0,"menu_order":0,"comment_status":"closed","ping_status":"closed","template":"","meta":{"_seopress_robots_primary_cat":"","_seopress_titles_title":"","_seopress_titles_desc":"All of our guides are locals and can show you the absolutely best places at Finse. We specialize in unique nature experiences..","_seopress_robots_index":"","_uag_custom_page_level_css":"","site-sidebar-layout":"default","site-content-layout":"","ast-site-content-layout":"default","site-content-style":"default","site-sidebar-style":"default","ast-global-header-display":"","ast-banner-title-visibility":"","ast-main-header-display":"","ast-hfb-above-header-display":"","ast-hfb-below-header-display":"","ast-hfb-mobile-header-display":"","site-post-title":"","ast-breadcrumbs-content":"","ast-featured-img":"","footer-sml-layout":"","ast-disable-related-posts":"","theme-transparent-header-meta":"","adv-header-id-meta":"","stick-header-meta":"","header-above-stick-meta":"","header-main-stick-meta":"","header-below-stick-meta":"","astra-migrate-meta-layouts":"default","ast-page-background-enabled":"default","ast-page-background-meta":{"desktop":{"background-color":"var(--ast-global-color-4)","background-image":"","background-repeat":"repeat","background-position":"center center","background-size":"auto","background-attachment":"scroll","background-type":"","background-media":"","overlay-type":"","overlay-color":"","overlay-opacity":"","overlay-gradient":""},"tablet":{"background-color":"","background-image":"","background-repeat":"repeat","background-position":"center center","background-size":"auto","background-attachment":"scroll","background-type":"","background-media":"","overlay-type":"","overlay-color":"","overlay-opacity":"","overlay-gradient":""},"mobile":{"background-color":"","background-image":"","background-repeat":"repeat","background-position":"center center","background-size":"auto","background-attachment":"scroll","background-type":"","background-media":"","overlay-type":"","overlay-color":"","overlay-opacity":"","overlay-gradient":""}},"ast-content-background-meta":{"desktop":{"background-color":"var(--ast-global-color-5)","background-image":"","background-repeat":"repeat","background-position":"center center","background-size":"auto","background-attachment":"scroll","background-type":"","background-media":"","overlay-type":"","overlay-color":"","overlay-opacity":"","overlay-gradient":""},"tablet":{"background-color":"var(--ast-global-color-5)","background-image":"","background-repeat":"repeat","background-position":"center center","background-size":"auto","background-attachment":"scroll","background-type":"","background-media":"","overlay-type":"","overlay-color":"","overlay-opacity":"","overlay-gradient":""},"mobile":{"background-color":"var(--ast-global-color-5)","background-image":"","background-repeat":"repeat","background-position":"center center","background-size":"auto","background-attachment":"scroll","background-type":"","background-media":"","overlay-type":"","overlay-color":"","overlay-opacity":"","overlay-gradient":""}},"footnotes":""},"class_list":["post-90","page","type-page","status-publish","has-post-thumbnail","hentry"],"uagb_featured_image_src":{"full":["https:\/\/glaciertoursnorway.com\/wp-content\/uploads\/2024\/10\/hero_glaciers.jpg",2048,1365,false],"thumbnail":["https:\/\/glaciertoursnorway.com\/wp-content\/uploads\/2024\/10\/hero_glaciers-350x350.jpg",350,350,true],"medium":["https:\/\/glaciertoursnorway.com\/wp-content\/uploads\/2024\/10\/hero_glaciers-750x500.jpg",750,500,true],"medium_large":["https:\/\/glaciertoursnorway.com\/wp-content\/uploads\/2024\/10\/hero_glaciers-768x512.jpg",768,512,true],"large":["https:\/\/glaciertoursnorway.com\/wp-content\/uploads\/2024\/10\/hero_glaciers-1200x800.jpg",1200,800,true],"1536x1536":["https:\/\/glaciertoursnorway.com\/wp-content\/uploads\/2024\/10\/hero_glaciers-1536x1024.jpg",1536,1024,true],"2048x2048":["https:\/\/glaciertoursnorway.com\/wp-content\/uploads\/2024\/10\/hero_glaciers.jpg",2048,1365,false],"trp-custom-language-flag":["https:\/\/glaciertoursnorway.com\/wp-content\/uploads\/2024\/10\/hero_glaciers.jpg",18,12,false]},"uagb_author_info":{"display_name":"post@noxx.no","author_link":"https:\/\/glaciertoursnorway.com\/no\/author\/postnoxx-no\/"},"uagb_comment_info":0,"uagb_excerpt":null,"_links":{"self":[{"href":"https:\/\/glaciertoursnorway.com\/no\/wp-json\/wp\/v2\/pages\/90","targetHints":{"allow":["GET"]}}],"collection":[{"href":"https:\/\/glaciertoursnorway.com\/no\/wp-json\/wp\/v2\/pages"}],"about":[{"href":"https:\/\/glaciertoursnorway.com\/no\/wp-json\/wp\/v2\/types\/page"}],"author":[{"embeddable":true,"href":"https:\/\/glaciertoursnorway.com\/no\/wp-json\/wp\/v2\/users\/1"}],"replies":[{"embeddable":true,"href":"https:\/\/glaciertoursnorway.com\/no\/wp-json\/wp\/v2\/comments?post=90"}],"version-history":[{"count":0,"href":"https:\/\/glaciertoursnorway.com\/no\/wp-json\/wp\/v2\/pages\/90\/revisions"}],"wp:featuredmedia":[{"embeddable":true,"href":"https:\/\/glaciertoursnorway.com\/no\/wp-json\/wp\/v2\/media\/127"}],"wp:attachment":[{"href":"https:\/\/glaciertoursnorway.com\/no\/wp-json\/wp\/v2\/media?parent=90"}],"curies":[{"name":"wp","href":"https:\/\/api.w.org\/{rel}","templated":true}]}}